{"id":20,"date":"2017-12-17T06:31:19","date_gmt":"2017-12-17T06:31:19","guid":{"rendered":"https:\/\/salsaccessories.ch\/wordpress\/?page_id=20"},"modified":"2020-10-04T11:42:59","modified_gmt":"2020-10-04T11:42:59","slug":"home","status":"publish","type":"page","link":"https:\/\/salsaccessories.ch\/","title":{"rendered":"Home"},"content":{"rendered":"\n<header class=\"wp-block-uagb-section uagb-section__wrap uagb-section__background-image alignfull uagb-block-5e0ed1f4\"><div class=\"uagb-section__overlay\"><\/div><div class=\"uagb-section__inner-wrap\">\n<div class=\"wp-block-columns has-2-columns is-layout-flex wp-container-2\">\n<div class=\"wp-block-column is-layout-flow\">\n<div class=\"wp-block-uagb-info-box uagb-infobox__outer-wrap uagb-block-abde3227\"><div class=\"uagb-infobox__content-wrap uagb-infobox uagb-infobox-has-icon uagb-infobox-icon-below-title uagb-infobox-image-valign-top uagb-infobox-enable-border-radius \"><div class=\"uagb-ifb-left-right-wrap\"><div class=\"uagb-ifb-content\"><div class=\"uagb-ifb-title-wrap\"><h2 class=\"uagb-ifb-title\">Keine Lust, immer eine Tasche mitzunehmen?<\/h2><\/div><div class=\"uagb-ifb-text-wrap\"><\/div><\/div><\/div><\/div><\/div>\n\n\n\n<div class=\"wp-block-uagb-advanced-heading uagb-block-e7498f1a\" id=\"uagb-adv-heading-a10e3e72-e5fd-4761-8dde-df9b5fe9b436\"><h5 class=\"uagb-heading-text\">Dann sind InvisiBags DIE L\u00f6sung!<\/h5><p class=\"uagb-desc-text\"><\/p><\/div>\n\n\n\n<div class=\"wp-block-uagb-buttons uagb-buttons__outer-wrap uagb-block-468cec5f\"><div class=\"uagb-buttons__wrap uagb-buttons-layout-wrap\">\n<div class=\"wp-block-uagb-buttons-child uagb-buttons__outer-wrap uagb-block-3d0c7f6f\"><div class=\"uagb-button__wrapper\"><a class=\"uagb-buttons-repeater\" href=\"https:\/\/salsaccessories.ch\/?post_type=product\" rel=\"noopener noreferrer\" target=\"_self\"><div class=\"uagb-button__link\">JETZT KAUFEN<\/div><\/a><\/div><\/div>\n\n\n\n<div class=\"wp-block-uagb-buttons-child uagb-buttons__outer-wrap uagb-block-007c9778\"><div class=\"uagb-button__wrapper\"><a class=\"uagb-buttons-repeater\" href=\"https:\/\/www.youtube.com\/watch?v=x8ZA3pA0Crg\" rel=\"noopener noreferrer\" target=\"_blank\"><div class=\"uagb-button__link\">WIE FUNKTIONIERT ES?<\/div><\/a><\/div><\/div>\n<\/div><\/div>\n\n\n\n<p><\/p>\n<\/div>\n<\/div>\n<\/div><\/header>\n\n\n\n<p class=\"has-text-align-center has-medium-font-size\">Beim Tanzen oder auf Reisen st\u00f6ren grosse Taschen meist oder sind ein Magnet f\u00fcr Taschendiebe. Mit den InvisiBags von Salsaccessories hat man die H\u00e4nde frei und trotzdem das wichtigste immer dabei. <\/p>\n\n\n\n<p class=\"has-text-align-center has-medium-font-size\">Die InvisiBags sind kleine, unsichtbar anbringbare Geldbeutel, die gross genug sind, um Kreditkarten, Geld und flache Hotel-Schl\u00fcsselkarten sicher zu verstauen.  Ideal beim Reisen, Tanzen  oder an Konzerten und Events. <br>Mit dem praktischen, nickelfreien Clip werden die InvisiBags unsichtbar an der Kleidung angebracht, entweder an der H\u00fcfte oder unter den Armen. So hat man stets die H\u00e4nde frei zum Tanzen, zum fotografieren oder f\u00fcr Drinks. <br>Alles andere kann man zusammen mit den Jacken an der Garderobe abgeben und einen ungest\u00f6rten Abend geniessen.<\/p>\n\n\n\n<div class=\"wp-block-group\"><div class=\"wp-block-group__inner-container is-layout-flow\">\n<section class=\"wp-block-uagb-section uagb-section__wrap uagb-section__background-none uagb-block-29b445d5\"><div class=\"uagb-section__overlay\"><\/div><div class=\"uagb-section__inner-wrap\">\n<div class=\"wp-block-columns alignfull are-vertically-aligned-center has-2-columns has-white-color has-text-color is-layout-flex wp-container-5\">\n<div class=\"wp-block-column is-vertically-aligned-center is-layout-flow\">\n<section class=\"wp-block-uagb-section uagb-section__wrap uagb-section__background-image uagb-block-7fa0ff0f\"><div class=\"uagb-section__overlay\"><\/div><div class=\"uagb-section__inner-wrap\">\n<div class=\"wp-block-uagb-info-box uagb-infobox__outer-wrap uagb-block-ab352c62\"><div class=\"uagb-infobox__content-wrap uagb-infobox uagb-infobox-has-icon uagb-infobox-icon-below-title uagb-infobox-image-valign-top uagb-infobox-enable-border-radius \"><div class=\"uagb-ifb-left-right-wrap\"><div class=\"uagb-ifb-content\"><div class=\"uagb-ifb-title-wrap\"><h2 class=\"uagb-ifb-title\">InvisiBags<\/h2><\/div><div class=\"uagb-ifb-text-wrap\"><p class=\"uagb-ifb-desc\">In vielen bunten Farben<\/p><div class=\"uagb-ifb-cta uagb-infobox-cta-link-style\"><div class=\"uagb-ifb-button-wrapper\"><a href=\"https:\/\/salsaccessories.ch\/?post_type=product\" class=\"uagb-infobox-cta-link uagb-ifb-cta-button\" target=\"_self\" rel=\"noopener noreferrer\"><span class=\"uagb-ifb-cta-content-wrapper\"><span class=\"uagb-inline-editing \">SHOP NOW<\/span><\/span><\/a><\/div><\/div><\/div><\/div><\/div><\/div><\/div>\n<\/div><\/section>\n<\/div>\n\n\n\n<div class=\"wp-block-column is-vertically-aligned-center is-layout-flow\">\n<section class=\"wp-block-uagb-section uagb-section__wrap uagb-section__background-image uagb-block-c3c6bfb4\"><div class=\"uagb-section__overlay\"><\/div><div class=\"uagb-section__inner-wrap\">\n<div class=\"wp-block-uagb-info-box uagb-infobox__outer-wrap uagb-block-b5f02d98\"><div class=\"uagb-infobox__content-wrap uagb-infobox uagb-infobox-has-icon uagb-infobox-icon-above-title uagb-infobox-image-valign-top uagb-infobox-enable-border-radius \"><div class=\"uagb-ifb-left-right-wrap\"><div class=\"uagb-ifb-content\"><div class=\"uagb-ifb-title-wrap\"><h2 class=\"uagb-ifb-title\">InvisiPhoneBags<\/h2><\/div><div class=\"uagb-ifb-text-wrap\"><p class=\"uagb-ifb-desc\">Die L\u00f6sung f\u00fcr Smartphones<\/p><div class=\"uagb-ifb-cta uagb-infobox-cta-link-style\"><div class=\"uagb-ifb-button-wrapper\"><a href=\"https:\/\/salsaccessories.ch\/?product=invisiphonebags\" class=\"uagb-infobox-cta-link uagb-ifb-cta-button\" target=\"_self\" rel=\"noopener noreferrer\"><span class=\"uagb-ifb-cta-content-wrapper\"><span class=\"uagb-inline-editing \">Zum Shop<\/span><\/span><\/a><\/div><\/div><\/div><\/div><\/div><\/div><\/div>\n<\/div><\/section>\n<\/div>\n<\/div>\n\n\n\n<p><\/p>\n<\/div><\/section>\n<\/div><\/div>\n","protected":false},"excerpt":{"rendered":"<p>Beim Tanzen oder auf Reisen st\u00f6ren grosse Taschen meist oder sind ein Magnet f\u00fcr Taschendiebe. Mit den InvisiBags von Salsaccessories hat man die H\u00e4nde frei und trotzdem das wichtigste immer dabei. Die InvisiBags sind kleine, unsichtbar anbringbare Geldbeutel, die gross genug sind, um Kreditkarten, Geld und flache Hotel-Schl\u00fcsselkarten sicher zu verstauen. Ideal beim Reisen, Tanzen [&hellip;]<\/p>\n","protected":false},"author":1,"featured_media":1267,"parent":0,"menu_order":0,"comment_status":"closed","ping_status":"closed","template":"","meta":{"om_disable_all_campaigns":false,"_uag_custom_page_level_css":"","_monsterinsights_skip_tracking":false,"_monsterinsights_sitenote_active":false,"_monsterinsights_sitenote_note":"","_monsterinsights_sitenote_category":0,"_uf_show_specific_survey":0,"_uf_disable_surveys":false,"site-sidebar-layout":"no-sidebar","site-content-layout":"plain-container","ast-site-content-layout":"default","site-content-style":"default","site-sidebar-style":"default","ast-global-header-display":"","ast-banner-title-visibility":"","ast-main-header-display":"","ast-hfb-above-header-display":"","ast-hfb-below-header-display":"","ast-hfb-mobile-header-display":"","site-post-title":"disabled","ast-breadcrumbs-content":"","ast-featured-img":"disabled","footer-sml-layout":"","theme-transparent-header-meta":"disabled","adv-header-id-meta":"","stick-header-meta":"","header-above-stick-meta":"","header-main-stick-meta":"","header-below-stick-meta":"","astra-migrate-meta-layouts":"default","ast-page-background-enabled":"default","ast-page-background-meta":{"desktop":{"background-color":"","background-image":"","background-repeat":"repeat","background-position":"center center","background-size":"auto","background-attachment":"scroll","background-type":"","background-media":"","overlay-type":"","overlay-color":"","overlay-opacity":"","overlay-gradient":""},"tablet":{"background-color":"","background-image":"","background-repeat":"repeat","background-position":"center center","background-size":"auto","background-attachment":"scroll","background-type":"","background-media":"","overlay-type":"","overlay-color":"","overlay-opacity":"","overlay-gradient":""},"mobile":{"background-color":"","background-image":"","background-repeat":"repeat","background-position":"center center","background-size":"auto","background-attachment":"scroll","background-type":"","background-media":"","overlay-type":"","overlay-color":"","overlay-opacity":"","overlay-gradient":""}},"ast-content-background-meta":{"desktop":{"background-color":"var(--ast-global-color-5)","background-image":"","background-repeat":"repeat","background-position":"center center","background-size":"auto","background-attachment":"scroll","background-type":"","background-media":"","overlay-type":"","overlay-color":"","overlay-opacity":"","overlay-gradient":""},"tablet":{"background-color":"var(--ast-global-color-5)","background-image":"","background-repeat":"repeat","background-position":"center center","background-size":"auto","background-attachment":"scroll","background-type":"","background-media":"","overlay-type":"","overlay-color":"","overlay-opacity":"","overlay-gradient":""},"mobile":{"background-color":"var(--ast-global-color-5)","background-image":"","background-repeat":"repeat","background-position":"center center","background-size":"auto","background-attachment":"scroll","background-type":"","background-media":"","overlay-type":"","overlay-color":"","overlay-opacity":"","overlay-gradient":""}}},"aioseo_notices":[],"yoast_head":"<!-- This site is optimized with the Yoast SEO plugin v21.8.1 - https:\/\/yoast.com\/wordpress\/plugins\/seo\/ -->\n<title>Salsaccessories - unsichtbare Geldbeutel f\u00fcr Reisen oder Tanzen<\/title>\n<meta name=\"description\" content=\"Beim Tanzen oder auf Reisen st\u00f6ren Taschen oder sind ein Magnet f\u00fcr Diebe. Mit InvisiBags von Salsaccessories hat man alles unsichtbar dabei.\" \/>\n<meta name=\"robots\" content=\"index, follow, max-snippet:-1, max-image-preview:large, max-video-preview:-1\" \/>\n<link rel=\"canonical\" href=\"https:\/\/salsaccessories.ch\/\" \/>\n<meta property=\"og:locale\" content=\"de_DE\" \/>\n<meta property=\"og:type\" content=\"article\" \/>\n<meta property=\"og:title\" content=\"Salsaccessories - unsichtbare Geldbeutel f\u00fcr Reisen oder Tanzen\" \/>\n<meta property=\"og:description\" content=\"Beim Tanzen oder auf Reisen st\u00f6ren Taschen oder sind ein Magnet f\u00fcr Diebe. Mit InvisiBags von Salsaccessories hat man alles unsichtbar dabei.\" \/>\n<meta property=\"og:url\" content=\"https:\/\/salsaccessories.ch\/\" \/>\n<meta property=\"og:site_name\" content=\"Salsaccessories\" \/>\n<meta property=\"article:modified_time\" content=\"2020-10-04T11:42:59+00:00\" \/>\n<meta property=\"og:image\" content=\"https:\/\/salsaccessories.ch\/wp-content\/uploads\/2020\/10\/13607013_1004676616306358_8533479026997447235_n.jpg\" \/>\n\t<meta property=\"og:image:width\" content=\"960\" \/>\n\t<meta property=\"og:image:height\" content=\"950\" \/>\n\t<meta property=\"og:image:type\" content=\"image\/jpeg\" \/>\n<meta name=\"twitter:card\" content=\"summary_large_image\" \/>\n<meta name=\"twitter:label1\" content=\"Gesch\u00e4tzte Lesezeit\" \/>\n\t<meta name=\"twitter:data1\" content=\"1\u00a0Minute\" \/>\n<script type=\"application\/ld+json\" class=\"yoast-schema-graph\">{\"@context\":\"https:\/\/schema.org\",\"@graph\":[{\"@type\":\"WebPage\",\"@id\":\"https:\/\/salsaccessories.ch\/\",\"url\":\"https:\/\/salsaccessories.ch\/\",\"name\":\"Salsaccessories - unsichtbare Geldbeutel f\u00fcr Reisen oder Tanzen\",\"isPartOf\":{\"@id\":\"https:\/\/salsaccessories.ch\/#website\"},\"datePublished\":\"2017-12-17T06:31:19+00:00\",\"dateModified\":\"2020-10-04T11:42:59+00:00\",\"description\":\"Beim Tanzen oder auf Reisen st\u00f6ren Taschen oder sind ein Magnet f\u00fcr Diebe. Mit InvisiBags von Salsaccessories hat man alles unsichtbar dabei.\",\"breadcrumb\":{\"@id\":\"https:\/\/salsaccessories.ch\/#breadcrumb\"},\"inLanguage\":\"de\",\"potentialAction\":[{\"@type\":\"ReadAction\",\"target\":[\"https:\/\/salsaccessories.ch\/\"]}]},{\"@type\":\"BreadcrumbList\",\"@id\":\"https:\/\/salsaccessories.ch\/#breadcrumb\",\"itemListElement\":[{\"@type\":\"ListItem\",\"position\":1,\"name\":\"Home\",\"item\":\"https:\/\/salsaccessories.ch\/\"},{\"@type\":\"ListItem\",\"position\":2,\"name\":\"Home\"}]},{\"@type\":\"WebSite\",\"@id\":\"https:\/\/salsaccessories.ch\/#website\",\"url\":\"https:\/\/salsaccessories.ch\/\",\"name\":\"Salsaccessories\",\"description\":\"Unsichtbare Clip-Geldbeutel\",\"publisher\":{\"@id\":\"https:\/\/salsaccessories.ch\/#organization\"},\"potentialAction\":[{\"@type\":\"SearchAction\",\"target\":{\"@type\":\"EntryPoint\",\"urlTemplate\":\"https:\/\/salsaccessories.ch\/?s={search_term_string}\"},\"query-input\":\"required name=search_term_string\"}],\"inLanguage\":\"de\"},{\"@type\":\"Organization\",\"@id\":\"https:\/\/salsaccessories.ch\/#organization\",\"name\":\"Salsaccessories\",\"url\":\"https:\/\/salsaccessories.ch\/\",\"logo\":{\"@type\":\"ImageObject\",\"inLanguage\":\"de\",\"@id\":\"https:\/\/salsaccessories.ch\/#\/schema\/logo\/image\/\",\"url\":\"https:\/\/salsaccessories.ch\/wp-content\/uploads\/2020\/10\/cropped-Logo-Salsaccessories-schwarz.png\",\"contentUrl\":\"https:\/\/salsaccessories.ch\/wp-content\/uploads\/2020\/10\/cropped-Logo-Salsaccessories-schwarz.png\",\"width\":1019,\"height\":184,\"caption\":\"Salsaccessories\"},\"image\":{\"@id\":\"https:\/\/salsaccessories.ch\/#\/schema\/logo\/image\/\"}}]}<\/script>\n<!-- \/ Yoast SEO plugin. -->","yoast_head_json":{"title":"Salsaccessories - unsichtbare Geldbeutel f\u00fcr Reisen oder Tanzen","description":"Beim Tanzen oder auf Reisen st\u00f6ren Taschen oder sind ein Magnet f\u00fcr Diebe. Mit InvisiBags von Salsaccessories hat man alles unsichtbar dabei.","robots":{"index":"index","follow":"follow","max-snippet":"max-snippet:-1","max-image-preview":"max-image-preview:large","max-video-preview":"max-video-preview:-1"},"canonical":"https:\/\/salsaccessories.ch\/","og_locale":"de_DE","og_type":"article","og_title":"Salsaccessories - unsichtbare Geldbeutel f\u00fcr Reisen oder Tanzen","og_description":"Beim Tanzen oder auf Reisen st\u00f6ren Taschen oder sind ein Magnet f\u00fcr Diebe. Mit InvisiBags von Salsaccessories hat man alles unsichtbar dabei.","og_url":"https:\/\/salsaccessories.ch\/","og_site_name":"Salsaccessories","article_modified_time":"2020-10-04T11:42:59+00:00","og_image":[{"width":960,"height":950,"url":"https:\/\/salsaccessories.ch\/wp-content\/uploads\/2020\/10\/13607013_1004676616306358_8533479026997447235_n.jpg","type":"image\/jpeg"}],"twitter_card":"summary_large_image","twitter_misc":{"Gesch\u00e4tzte Lesezeit":"1\u00a0Minute"},"schema":{"@context":"https:\/\/schema.org","@graph":[{"@type":"WebPage","@id":"https:\/\/salsaccessories.ch\/","url":"https:\/\/salsaccessories.ch\/","name":"Salsaccessories - unsichtbare Geldbeutel f\u00fcr Reisen oder Tanzen","isPartOf":{"@id":"https:\/\/salsaccessories.ch\/#website"},"datePublished":"2017-12-17T06:31:19+00:00","dateModified":"2020-10-04T11:42:59+00:00","description":"Beim Tanzen oder auf Reisen st\u00f6ren Taschen oder sind ein Magnet f\u00fcr Diebe. Mit InvisiBags von Salsaccessories hat man alles unsichtbar dabei.","breadcrumb":{"@id":"https:\/\/salsaccessories.ch\/#breadcrumb"},"inLanguage":"de","potentialAction":[{"@type":"ReadAction","target":["https:\/\/salsaccessories.ch\/"]}]},{"@type":"BreadcrumbList","@id":"https:\/\/salsaccessories.ch\/#breadcrumb","itemListElement":[{"@type":"ListItem","position":1,"name":"Home","item":"https:\/\/salsaccessories.ch\/"},{"@type":"ListItem","position":2,"name":"Home"}]},{"@type":"WebSite","@id":"https:\/\/salsaccessories.ch\/#website","url":"https:\/\/salsaccessories.ch\/","name":"Salsaccessories","description":"Unsichtbare Clip-Geldbeutel","publisher":{"@id":"https:\/\/salsaccessories.ch\/#organization"},"potentialAction":[{"@type":"SearchAction","target":{"@type":"EntryPoint","urlTemplate":"https:\/\/salsaccessories.ch\/?s={search_term_string}"},"query-input":"required name=search_term_string"}],"inLanguage":"de"},{"@type":"Organization","@id":"https:\/\/salsaccessories.ch\/#organization","name":"Salsaccessories","url":"https:\/\/salsaccessories.ch\/","logo":{"@type":"ImageObject","inLanguage":"de","@id":"https:\/\/salsaccessories.ch\/#\/schema\/logo\/image\/","url":"https:\/\/salsaccessories.ch\/wp-content\/uploads\/2020\/10\/cropped-Logo-Salsaccessories-schwarz.png","contentUrl":"https:\/\/salsaccessories.ch\/wp-content\/uploads\/2020\/10\/cropped-Logo-Salsaccessories-schwarz.png","width":1019,"height":184,"caption":"Salsaccessories"},"image":{"@id":"https:\/\/salsaccessories.ch\/#\/schema\/logo\/image\/"}}]}},"uagb_featured_image_src":{"full":["https:\/\/salsaccessories.ch\/wp-content\/uploads\/2020\/10\/13607013_1004676616306358_8533479026997447235_n.jpg",960,950,false],"thumbnail":["https:\/\/salsaccessories.ch\/wp-content\/uploads\/2020\/10\/13607013_1004676616306358_8533479026997447235_n-150x150.jpg",150,150,true],"medium":["https:\/\/salsaccessories.ch\/wp-content\/uploads\/2020\/10\/13607013_1004676616306358_8533479026997447235_n-300x297.jpg",300,297,true],"medium_large":["https:\/\/salsaccessories.ch\/wp-content\/uploads\/2020\/10\/13607013_1004676616306358_8533479026997447235_n-768x760.jpg",768,760,true],"large":["https:\/\/salsaccessories.ch\/wp-content\/uploads\/2020\/10\/13607013_1004676616306358_8533479026997447235_n.jpg",960,950,false],"1536x1536":["https:\/\/salsaccessories.ch\/wp-content\/uploads\/2020\/10\/13607013_1004676616306358_8533479026997447235_n.jpg",960,950,false],"2048x2048":["https:\/\/salsaccessories.ch\/wp-content\/uploads\/2020\/10\/13607013_1004676616306358_8533479026997447235_n.jpg",960,950,false],"woocommerce_thumbnail":["https:\/\/salsaccessories.ch\/wp-content\/uploads\/2020\/10\/13607013_1004676616306358_8533479026997447235_n-300x300.jpg",300,300,true],"woocommerce_single":["https:\/\/salsaccessories.ch\/wp-content\/uploads\/2020\/10\/13607013_1004676616306358_8533479026997447235_n-600x594.jpg",600,594,true],"woocommerce_gallery_thumbnail":["https:\/\/salsaccessories.ch\/wp-content\/uploads\/2020\/10\/13607013_1004676616306358_8533479026997447235_n-100x100.jpg",100,100,true]},"uagb_author_info":{"display_name":"admin","author_link":"https:\/\/salsaccessories.ch\/?author=1"},"uagb_comment_info":0,"uagb_excerpt":"Beim Tanzen oder auf Reisen st\u00f6ren grosse Taschen meist oder sind ein Magnet f\u00fcr Taschendiebe. Mit den InvisiBags von Salsaccessories hat man die H\u00e4nde frei und trotzdem das wichtigste immer dabei. Die InvisiBags sind kleine, unsichtbar anbringbare Geldbeutel, die gross genug sind, um Kreditkarten, Geld und flache Hotel-Schl\u00fcsselkarten sicher zu verstauen. Ideal beim Reisen, Tanzen&hellip;","_links":{"self":[{"href":"https:\/\/salsaccessories.ch\/index.php?rest_route=\/wp\/v2\/pages\/20"}],"collection":[{"href":"https:\/\/salsaccessories.ch\/index.php?rest_route=\/wp\/v2\/pages"}],"about":[{"href":"https:\/\/salsaccessories.ch\/index.php?rest_route=\/wp\/v2\/types\/page"}],"author":[{"embeddable":true,"href":"https:\/\/salsaccessories.ch\/index.php?rest_route=\/wp\/v2\/users\/1"}],"replies":[{"embeddable":true,"href":"https:\/\/salsaccessories.ch\/index.php?rest_route=%2Fwp%2Fv2%2Fcomments&post=20"}],"version-history":[{"count":43,"href":"https:\/\/salsaccessories.ch\/index.php?rest_route=\/wp\/v2\/pages\/20\/revisions"}],"predecessor-version":[{"id":1445,"href":"https:\/\/salsaccessories.ch\/index.php?rest_route=\/wp\/v2\/pages\/20\/revisions\/1445"}],"wp:featuredmedia":[{"embeddable":true,"href":"https:\/\/salsaccessories.ch\/index.php?rest_route=\/wp\/v2\/media\/1267"}],"wp:attachment":[{"href":"https:\/\/salsaccessories.ch\/index.php?rest_route=%2Fwp%2Fv2%2Fmedia&parent=20"}],"curies":[{"name":"wp","href":"https:\/\/api.w.org\/{rel}","templated":true}]}}