{"id":43,"date":"2017-12-17T10:06:43","date_gmt":"2017-12-17T10:06:43","guid":{"rendered":"https:\/\/salsaccessories.ch\/wordpress\/?page_id=43"},"modified":"2020-10-04T12:02:45","modified_gmt":"2020-10-04T12:02:45","slug":"about","status":"publish","type":"page","link":"https:\/\/salsaccessories.ch\/?page_id=43","title":{"rendered":"About"},"content":{"rendered":"\n<section class=\"wp-block-uagb-section uagb-section__wrap uagb-section__background-image uagb-block-174149e9\"><div class=\"uagb-section__overlay\"><\/div><div class=\"uagb-section__inner-wrap\">\n<div class=\"wp-block-uagb-advanced-heading uagb-block-729232dd\" id=\"uagb-adv-heading-271b994f-d6bd-4e15-8a80-8c2f84dae6fb\"><h1 class=\"uagb-heading-text\">About Salsaccessories<\/h1><p class=\"uagb-desc-text\"><\/p><\/div>\n<\/div><\/section>\n\n\n\n<section class=\"wp-block-uagb-section uagb-section__wrap uagb-section__background-color uagb-block-b8f19fcb\"><div class=\"uagb-section__overlay\"><\/div><div class=\"uagb-section__inner-wrap\">\n<section class=\"wp-block-uagb-section uagb-section__wrap uagb-section__background-undefined uagb-block-007f032d\"><div class=\"uagb-section__overlay\"><\/div><div class=\"uagb-section__inner-wrap\">\n<div class=\"wp-block-uagb-info-box uagb-infobox__outer-wrap uagb-block-59f763a2\"><div class=\"uagb-infobox__content-wrap uagb-infobox uagb-infobox-has-icon uagb-infobox-icon-above-title uagb-infobox-image-valign-top uagb-infobox-enable-border-radius \"><div class=\"uagb-ifb-left-right-wrap\"><div class=\"uagb-ifb-content\"><div class=\"uagb-ifb-title-wrap\"><span class=\"uagb-ifb-title-prefix\"> Wer steckt hinter\u200b <\/span><h1 class=\"uagb-ifb-title\">SALSACCESSORIES<\/h1><\/div><div class=\"uagb-ifb-separator-parent\"><div class=\"uagb-ifb-separator\"><\/div><\/div><div class=\"uagb-ifb-text-wrap\"><p class=\"uagb-ifb-desc\">Salsaccessories ist die Idee und das Produkt von Flavia M\u00fcller. Die Idee dazu entstand aus reiner Notwendigkeit. Bei unz\u00e4hligen tanzveranstaltungen nervte sie sich, das Geld immer im Schuhbeutel hinter einer S\u00e4ule oder loses Geld im BH zu verstecken. Taschen sind beim Paartanz auch keine Option. So entstand der erste InvisiBag, der es erlaubt, alles wichtige auf der Tanzfl\u00e4che stets dabei zu haben.<br><br>Flavia M\u00fcller hat die Produkte konzipiert und eine befreundete Schneiderin n\u00e4ht auf Auftrag alle InvisiBags. Alles wird in der Schweiz hergestellt. Die Leder f\u00fcr die diversen InvisiBags findet Flavia M\u00fcller in Stoffl\u00e4den, auf Stoffm\u00e4rkten oder auch auf weltweiten Reisen. Aus hygienischen und ethischen Gr\u00fcnden wird ausschliesslich Kunstleder\/veganes Leder verwendet. <\/p><\/div><\/div><\/div><\/div><\/div>\n<\/div><\/section>\n\n\n\n<section class=\"wp-block-uagb-section uagb-section__wrap uagb-section__background-undefined uagb-block-f430e33d\"><div class=\"uagb-section__overlay\"><\/div><div class=\"uagb-section__inner-wrap\">\n<div class=\"wp-block-uagb-info-box uagb-infobox__outer-wrap uagb-block-cfdd6912\"><div class=\"uagb-infobox__content-wrap uagb-infobox uagb-infobox-has-icon uagb-infobox-icon-above-title uagb-infobox-image-valign-top uagb-infobox-enable-border-radius \"><div class=\"uagb-ifb-left-right-wrap\"><div class=\"uagb-ifb-content\"><div class=\"uagb-ifb-title-wrap\"><span class=\"uagb-ifb-title-prefix\"> Wie nutzt man die <\/span><h1 class=\"uagb-ifb-title\">INVISIBAGS<\/h1><\/div><div class=\"uagb-ifb-separator-parent\"><div class=\"uagb-ifb-separator\"><\/div><\/div><div class=\"uagb-ifb-text-wrap\"><\/div><\/div><\/div><\/div><\/div>\n<\/div><\/section>\n\n\n\n<p><\/p>\n<\/div><\/section>\n\n\n\n<section class=\"wp-block-uagb-section uagb-section__wrap uagb-section__background-color uagb-block-e6c46c49\"><div class=\"uagb-section__overlay\"><\/div><div class=\"uagb-section__inner-wrap\">\n<div class=\"wp-block-columns has-2-columns is-layout-flex wp-container-3\">\n<div class=\"wp-block-column is-layout-flow\">\n<section class=\"wp-block-uagb-section uagb-section__wrap uagb-section__background-color uagb-block-b19f6cc9\"><div class=\"uagb-section__overlay\"><\/div><div class=\"uagb-section__inner-wrap\">\n<div class=\"wp-block-uagb-info-box uagb-infobox__outer-wrap uagb-block-1558e5b3\"><div class=\"uagb-infobox__content-wrap uagb-infobox uagb-infobox-has-icon uagb-infobox-icon-above-title uagb-infobox-image-valign-top uagb-infobox-enable-border-radius \"><div class=\"uagb-ifb-left-right-wrap\"><div class=\"uagb-ifb-content\"><div class=\"uagb-ifb-title-wrap\"><h3 class=\"uagb-ifb-title\">Option 1<\/h3><\/div><div class=\"uagb-ifb-separator-parent\"><div class=\"uagb-ifb-separator\"><\/div><\/div><div class=\"uagb-ifb-text-wrap\"><p class=\"uagb-ifb-desc\">Geld, Ausweise und Kreditkarten im InvisiBag verstauen und diesen dann ganz einfach an der H\u00fcfte an deine Hose oder deinen Rock anclippen. Siehe auch das Video unten im Footer.<\/p><\/div><\/div><\/div><\/div><\/div>\n\n\n\n<p><\/p>\n<\/div><\/section>\n<\/div>\n\n\n\n<div class=\"wp-block-column is-layout-flow\">\n<section class=\"wp-block-uagb-section uagb-section__wrap uagb-section__background-image uagb-block-8cabcac7\"><div class=\"uagb-section__overlay\"><\/div><div class=\"uagb-section__inner-wrap\">\n<p><\/p>\n<\/div><\/section>\n<\/div>\n<\/div>\n<\/div><\/section>\n\n\n\n<section class=\"wp-block-uagb-section uagb-section__wrap uagb-section__background-color uagb-block-118b8fcf\"><div class=\"uagb-section__overlay\"><\/div><div class=\"uagb-section__inner-wrap\">\n<div class=\"wp-block-columns has-2-columns is-layout-flex wp-container-6\">\n<div class=\"wp-block-column is-layout-flow\">\n<section class=\"wp-block-uagb-section uagb-section__wrap uagb-section__background-color uagb-block-7c4870df\"><div class=\"uagb-section__overlay\"><\/div><div class=\"uagb-section__inner-wrap\">\n<div class=\"wp-block-uagb-info-box uagb-infobox__outer-wrap uagb-block-79f0232e\"><div class=\"uagb-infobox__content-wrap uagb-infobox uagb-infobox-has-icon uagb-infobox-icon-above-title uagb-infobox-image-valign-top uagb-infobox-enable-border-radius \"><div class=\"uagb-ifb-left-right-wrap\"><div class=\"uagb-ifb-content\"><div class=\"uagb-ifb-title-wrap\"><h3 class=\"uagb-ifb-title\">Option 2<\/h3><\/div><div class=\"uagb-ifb-separator-parent\"><div class=\"uagb-ifb-separator\"><\/div><\/div><div class=\"uagb-ifb-text-wrap\"><p class=\"uagb-ifb-desc\">Geld, Ausweise und Kreditkarten im InvisiBag verstauen und diesen dann mit etwas Geschick an der Innenseite deines BHs oder tr\u00e4gerlosen Tops\/Kleides anclippen. Siehe auch das Video unten im Footer.<\/p><\/div><\/div><\/div><\/div><\/div>\n\n\n\n<p><\/p>\n<\/div><\/section>\n<\/div>\n\n\n\n<div class=\"wp-block-column is-layout-flow\">\n<section class=\"wp-block-uagb-section uagb-section__wrap uagb-section__background-image uagb-block-629cd77b\"><div class=\"uagb-section__overlay\"><\/div><div class=\"uagb-section__inner-wrap\">\n<p><\/p>\n<\/div><\/section>\n<\/div>\n<\/div>\n<\/div><\/section>\n\n\n\n<section class=\"wp-block-uagb-section uagb-section__wrap uagb-section__background-image uagb-block-719bba5b\"><div class=\"uagb-section__overlay\"><\/div><div class=\"uagb-section__inner-wrap\"><\/div><\/section>\n\n\n\n<section class=\"wp-block-uagb-section uagb-section__wrap uagb-section__background-color uagb-block-ce2c6a80\"><div class=\"uagb-section__overlay\"><\/div><div class=\"uagb-section__inner-wrap\">\n<div class=\"wp-block-columns has-4-columns is-layout-flex wp-container-11\">\n<div class=\"wp-block-column is-layout-flow\">\n<div class=\"wp-block-uagb-info-box uagb-infobox__outer-wrap uagb-block-5d1efc49\"><div class=\"uagb-infobox__content-wrap uagb-infobox uagb-infobox-has-image uagb-infobox-icon-above-title uagb-infobox-image-valign-top uagb-infobox-enable-border-radius \"><div class=\"uagb-ifb-left-right-wrap\"><div class=\"uagb-ifb-content\"><div class=\"uagb-ifb-image-icon-content uagb-ifb-imgicon-wrap\"><div class=\"uagb-ifb-image\"><div class=\"uagb-ifb-image-content\"><img decoding=\"async\" class=\"\" src=\"https:\/\/salsaccessories.ch\/wp-content\/uploads\/2019\/01\/globe-free-img.png\" alt=\"\"\/><\/div><\/div><\/div><div class=\"uagb-ifb-title-wrap\"><h4 class=\"uagb-ifb-title\"> WELTWEITER VERSAND <\/h4><\/div><div class=\"uagb-ifb-text-wrap\"><p class=\"uagb-ifb-desc\">Versand weltweit m\u00f6glich per Post. Versandpreise werden automatisch errechnet beim checkout.<\/p><\/div><\/div><\/div><\/div><\/div>\n<\/div>\n\n\n\n<div class=\"wp-block-column is-layout-flow\">\n<div class=\"wp-block-uagb-info-box uagb-infobox__outer-wrap uagb-block-c9cd69bc\"><div class=\"uagb-infobox__content-wrap uagb-infobox uagb-infobox-has-image uagb-infobox-icon-above-title uagb-infobox-image-valign-top uagb-infobox-enable-border-radius \"><div class=\"uagb-ifb-left-right-wrap\"><div class=\"uagb-ifb-content\"><div class=\"uagb-ifb-image-icon-content uagb-ifb-imgicon-wrap\"><div class=\"uagb-ifb-image\"><div class=\"uagb-ifb-image-content\"><img decoding=\"async\" class=\"\" src=\"https:\/\/salsaccessories.ch\/wp-content\/uploads\/2019\/01\/quality-free-img.png\" alt=\"\"\/><\/div><\/div><\/div><div class=\"uagb-ifb-title-wrap\"><h4 class=\"uagb-ifb-title\">VEGANES LEDER<\/h4><\/div><div class=\"uagb-ifb-text-wrap\"><p class=\"uagb-ifb-desc\">Alle InvisiBags sind aus veganem Leder\/Kunstleder und wenn m\u00f6glich aus rezyklierten Materialien.<\/p><\/div><\/div><\/div><\/div><\/div>\n\n\n\n<p><\/p>\n<\/div>\n\n\n\n<div class=\"wp-block-column is-layout-flow\">\n<div class=\"wp-block-uagb-info-box uagb-infobox__outer-wrap uagb-block-f2339019\"><div class=\"uagb-infobox__content-wrap uagb-infobox uagb-infobox-has-image uagb-infobox-icon-above-title uagb-infobox-image-valign-top uagb-infobox-enable-border-radius \"><div class=\"uagb-ifb-left-right-wrap\"><div class=\"uagb-ifb-content\"><div class=\"uagb-ifb-image-icon-content uagb-ifb-imgicon-wrap\"><div class=\"uagb-ifb-image\"><div class=\"uagb-ifb-image-content\"><img decoding=\"async\" class=\"\" src=\"https:\/\/salsaccessories.ch\/wp-content\/uploads\/2019\/01\/tag-free-img.png\" alt=\"\"\/><\/div><\/div><\/div><div class=\"uagb-ifb-title-wrap\"><h4 class=\"uagb-ifb-title\">FAIRE PREISE<\/h4><\/div><div class=\"uagb-ifb-text-wrap\"><p class=\"uagb-ifb-desc\">Alle InvisiBags sind handgemacht in der Schweiz. Salsaccessories bezahlt faire L\u00f6hne an die Schneiderinnen.<\/p><\/div><\/div><\/div><\/div><\/div>\n<\/div>\n\n\n\n<div class=\"wp-block-column is-layout-flow\">\n<div class=\"wp-block-uagb-info-box uagb-infobox__outer-wrap uagb-block-64bafef1\"><div class=\"uagb-infobox__content-wrap uagb-infobox uagb-infobox-has-image uagb-infobox-icon-above-title uagb-infobox-image-valign-top uagb-infobox-enable-border-radius \"><div class=\"uagb-ifb-left-right-wrap\"><div class=\"uagb-ifb-content\"><div class=\"uagb-ifb-image-icon-content uagb-ifb-imgicon-wrap\"><div class=\"uagb-ifb-image\"><div class=\"uagb-ifb-image-content\"><img decoding=\"async\" class=\"\" src=\"https:\/\/salsaccessories.ch\/wp-content\/uploads\/2019\/01\/lock-free-img.png\" alt=\"\"\/><\/div><\/div><\/div><div class=\"uagb-ifb-title-wrap\"><h4 class=\"uagb-ifb-title\">SICHERE ZAHLUNG<\/h4><\/div><div class=\"uagb-ifb-text-wrap\"><p class=\"uagb-ifb-desc\">Bezahlung online mittels abgesicherten Zahlungskan\u00e4len. Auch Vorauskasse per Banktransfer m\u00f6glich.<\/p><\/div><\/div><\/div><\/div><\/div>\n<\/div>\n<\/div>\n<\/div><\/section>\n\n\n\n<p><\/p>\n","protected":false},"excerpt":{"rendered":"","protected":false},"author":1,"featured_media":0,"parent":0,"menu_order":0,"comment_status":"closed","ping_status":"closed","template":"","meta":{"om_disable_all_campaigns":false,"_uag_custom_page_level_css":"","_monsterinsights_skip_tracking":false,"_monsterinsights_sitenote_active":false,"_monsterinsights_sitenote_note":"","_monsterinsights_sitenote_category":0,"_uf_show_specific_survey":0,"_uf_disable_surveys":false,"site-sidebar-layout":"no-sidebar","site-content-layout":"page-builder","ast-site-content-layout":"default","site-content-style":"default","site-sidebar-style":"default","ast-global-header-display":"","ast-banner-title-visibility":"","ast-main-header-display":"","ast-hfb-above-header-display":"","ast-hfb-below-header-display":"","ast-hfb-mobile-header-display":"","site-post-title":"disabled","ast-breadcrumbs-content":"","ast-featured-img":"disabled","footer-sml-layout":"","theme-transparent-header-meta":"enabled","adv-header-id-meta":"","stick-header-meta":"","header-above-stick-meta":"","header-main-stick-meta":"","header-below-stick-meta":"","astra-migrate-meta-layouts":"default","ast-page-background-enabled":"default","ast-page-background-meta":{"desktop":{"background-color":"","background-image":"","background-repeat":"repeat","background-position":"center center","background-size":"auto","background-attachment":"scroll","background-type":"","background-media":"","overlay-type":"","overlay-color":"","overlay-opacity":"","overlay-gradient":""},"tablet":{"background-color":"","background-image":"","background-repeat":"repeat","background-position":"center center","background-size":"auto","background-attachment":"scroll","background-type":"","background-media":"","overlay-type":"","overlay-color":"","overlay-opacity":"","overlay-gradient":""},"mobile":{"background-color":"","background-image":"","background-repeat":"repeat","background-position":"center center","background-size":"auto","background-attachment":"scroll","background-type":"","background-media":"","overlay-type":"","overlay-color":"","overlay-opacity":"","overlay-gradient":""}},"ast-content-background-meta":{"desktop":{"background-color":"var(--ast-global-color-5)","background-image":"","background-repeat":"repeat","background-position":"center center","background-size":"auto","background-attachment":"scroll","background-type":"","background-media":"","overlay-type":"","overlay-color":"","overlay-opacity":"","overlay-gradient":""},"tablet":{"background-color":"var(--ast-global-color-5)","background-image":"","background-repeat":"repeat","background-position":"center center","background-size":"auto","background-attachment":"scroll","background-type":"","background-media":"","overlay-type":"","overlay-color":"","overlay-opacity":"","overlay-gradient":""},"mobile":{"background-color":"var(--ast-global-color-5)","background-image":"","background-repeat":"repeat","background-position":"center center","background-size":"auto","background-attachment":"scroll","background-type":"","background-media":"","overlay-type":"","overlay-color":"","overlay-opacity":"","overlay-gradient":""}}},"aioseo_notices":[],"yoast_head":"<!-- This site is optimized with the Yoast SEO plugin v21.8.1 - https:\/\/yoast.com\/wordpress\/plugins\/seo\/ -->\n<title>About - Salsaccessories<\/title>\n<meta name=\"robots\" content=\"index, follow, max-snippet:-1, max-image-preview:large, max-video-preview:-1\" \/>\n<link rel=\"canonical\" href=\"https:\/\/salsaccessories.ch\/?page_id=43\" \/>\n<meta property=\"og:locale\" content=\"de_DE\" \/>\n<meta property=\"og:type\" content=\"article\" \/>\n<meta property=\"og:title\" content=\"About - Salsaccessories\" \/>\n<meta property=\"og:url\" content=\"https:\/\/salsaccessories.ch\/?page_id=43\" \/>\n<meta property=\"og:site_name\" content=\"Salsaccessories\" \/>\n<meta property=\"article:modified_time\" content=\"2020-10-04T12:02:45+00:00\" \/>\n<meta property=\"og:image\" content=\"https:\/\/salsaccessories.ch\/wp-content\/uploads\/2019\/01\/globe-free-img.png\" \/>\n<meta name=\"twitter:card\" content=\"summary_large_image\" \/>\n<meta name=\"twitter:label1\" content=\"Gesch\u00e4tzte Lesezeit\" \/>\n\t<meta name=\"twitter:data1\" content=\"1\u00a0Minute\" \/>\n<script type=\"application\/ld+json\" class=\"yoast-schema-graph\">{\"@context\":\"https:\/\/schema.org\",\"@graph\":[{\"@type\":\"WebPage\",\"@id\":\"https:\/\/salsaccessories.ch\/?page_id=43\",\"url\":\"https:\/\/salsaccessories.ch\/?page_id=43\",\"name\":\"About - Salsaccessories\",\"isPartOf\":{\"@id\":\"https:\/\/salsaccessories.ch\/#website\"},\"datePublished\":\"2017-12-17T10:06:43+00:00\",\"dateModified\":\"2020-10-04T12:02:45+00:00\",\"breadcrumb\":{\"@id\":\"https:\/\/salsaccessories.ch\/?page_id=43#breadcrumb\"},\"inLanguage\":\"de\",\"potentialAction\":[{\"@type\":\"ReadAction\",\"target\":[\"https:\/\/salsaccessories.ch\/?page_id=43\"]}]},{\"@type\":\"BreadcrumbList\",\"@id\":\"https:\/\/salsaccessories.ch\/?page_id=43#breadcrumb\",\"itemListElement\":[{\"@type\":\"ListItem\",\"position\":1,\"name\":\"Home\",\"item\":\"https:\/\/salsaccessories.ch\/\"},{\"@type\":\"ListItem\",\"position\":2,\"name\":\"About\"}]},{\"@type\":\"WebSite\",\"@id\":\"https:\/\/salsaccessories.ch\/#website\",\"url\":\"https:\/\/salsaccessories.ch\/\",\"name\":\"Salsaccessories\",\"description\":\"Unsichtbare Clip-Geldbeutel\",\"publisher\":{\"@id\":\"https:\/\/salsaccessories.ch\/#organization\"},\"potentialAction\":[{\"@type\":\"SearchAction\",\"target\":{\"@type\":\"EntryPoint\",\"urlTemplate\":\"https:\/\/salsaccessories.ch\/?s={search_term_string}\"},\"query-input\":\"required name=search_term_string\"}],\"inLanguage\":\"de\"},{\"@type\":\"Organization\",\"@id\":\"https:\/\/salsaccessories.ch\/#organization\",\"name\":\"Salsaccessories\",\"url\":\"https:\/\/salsaccessories.ch\/\",\"logo\":{\"@type\":\"ImageObject\",\"inLanguage\":\"de\",\"@id\":\"https:\/\/salsaccessories.ch\/#\/schema\/logo\/image\/\",\"url\":\"https:\/\/salsaccessories.ch\/wp-content\/uploads\/2020\/10\/cropped-Logo-Salsaccessories-schwarz.png\",\"contentUrl\":\"https:\/\/salsaccessories.ch\/wp-content\/uploads\/2020\/10\/cropped-Logo-Salsaccessories-schwarz.png\",\"width\":1019,\"height\":184,\"caption\":\"Salsaccessories\"},\"image\":{\"@id\":\"https:\/\/salsaccessories.ch\/#\/schema\/logo\/image\/\"}}]}<\/script>\n<!-- \/ Yoast SEO plugin. -->","yoast_head_json":{"title":"About - Salsaccessories","robots":{"index":"index","follow":"follow","max-snippet":"max-snippet:-1","max-image-preview":"max-image-preview:large","max-video-preview":"max-video-preview:-1"},"canonical":"https:\/\/salsaccessories.ch\/?page_id=43","og_locale":"de_DE","og_type":"article","og_title":"About - Salsaccessories","og_url":"https:\/\/salsaccessories.ch\/?page_id=43","og_site_name":"Salsaccessories","article_modified_time":"2020-10-04T12:02:45+00:00","og_image":[{"url":"https:\/\/salsaccessories.ch\/wp-content\/uploads\/2019\/01\/globe-free-img.png"}],"twitter_card":"summary_large_image","twitter_misc":{"Gesch\u00e4tzte Lesezeit":"1\u00a0Minute"},"schema":{"@context":"https:\/\/schema.org","@graph":[{"@type":"WebPage","@id":"https:\/\/salsaccessories.ch\/?page_id=43","url":"https:\/\/salsaccessories.ch\/?page_id=43","name":"About - Salsaccessories","isPartOf":{"@id":"https:\/\/salsaccessories.ch\/#website"},"datePublished":"2017-12-17T10:06:43+00:00","dateModified":"2020-10-04T12:02:45+00:00","breadcrumb":{"@id":"https:\/\/salsaccessories.ch\/?page_id=43#breadcrumb"},"inLanguage":"de","potentialAction":[{"@type":"ReadAction","target":["https:\/\/salsaccessories.ch\/?page_id=43"]}]},{"@type":"BreadcrumbList","@id":"https:\/\/salsaccessories.ch\/?page_id=43#breadcrumb","itemListElement":[{"@type":"ListItem","position":1,"name":"Home","item":"https:\/\/salsaccessories.ch\/"},{"@type":"ListItem","position":2,"name":"About"}]},{"@type":"WebSite","@id":"https:\/\/salsaccessories.ch\/#website","url":"https:\/\/salsaccessories.ch\/","name":"Salsaccessories","description":"Unsichtbare Clip-Geldbeutel","publisher":{"@id":"https:\/\/salsaccessories.ch\/#organization"},"potentialAction":[{"@type":"SearchAction","target":{"@type":"EntryPoint","urlTemplate":"https:\/\/salsaccessories.ch\/?s={search_term_string}"},"query-input":"required name=search_term_string"}],"inLanguage":"de"},{"@type":"Organization","@id":"https:\/\/salsaccessories.ch\/#organization","name":"Salsaccessories","url":"https:\/\/salsaccessories.ch\/","logo":{"@type":"ImageObject","inLanguage":"de","@id":"https:\/\/salsaccessories.ch\/#\/schema\/logo\/image\/","url":"https:\/\/salsaccessories.ch\/wp-content\/uploads\/2020\/10\/cropped-Logo-Salsaccessories-schwarz.png","contentUrl":"https:\/\/salsaccessories.ch\/wp-content\/uploads\/2020\/10\/cropped-Logo-Salsaccessories-schwarz.png","width":1019,"height":184,"caption":"Salsaccessories"},"image":{"@id":"https:\/\/salsaccessories.ch\/#\/schema\/logo\/image\/"}}]}},"uagb_featured_image_src":{"full":false,"thumbnail":false,"medium":false,"medium_large":false,"large":false,"1536x1536":false,"2048x2048":false,"woocommerce_thumbnail":false,"woocommerce_single":false,"woocommerce_gallery_thumbnail":false},"uagb_author_info":{"display_name":"admin","author_link":"https:\/\/salsaccessories.ch\/?author=1"},"uagb_comment_info":0,"uagb_excerpt":null,"_links":{"self":[{"href":"https:\/\/salsaccessories.ch\/index.php?rest_route=\/wp\/v2\/pages\/43"}],"collection":[{"href":"https:\/\/salsaccessories.ch\/index.php?rest_route=\/wp\/v2\/pages"}],"about":[{"href":"https:\/\/salsaccessories.ch\/index.php?rest_route=\/wp\/v2\/types\/page"}],"author":[{"embeddable":true,"href":"https:\/\/salsaccessories.ch\/index.php?rest_route=\/wp\/v2\/users\/1"}],"replies":[{"embeddable":true,"href":"https:\/\/salsaccessories.ch\/index.php?rest_route=%2Fwp%2Fv2%2Fcomments&post=43"}],"version-history":[{"count":4,"href":"https:\/\/salsaccessories.ch\/index.php?rest_route=\/wp\/v2\/pages\/43\/revisions"}],"predecessor-version":[{"id":1451,"href":"https:\/\/salsaccessories.ch\/index.php?rest_route=\/wp\/v2\/pages\/43\/revisions\/1451"}],"wp:attachment":[{"href":"https:\/\/salsaccessories.ch\/index.php?rest_route=%2Fwp%2Fv2%2Fmedia&parent=43"}],"curies":[{"name":"wp","href":"https:\/\/api.w.org\/{rel}","templated":true}]}}