{"id":1400,"date":"2020-10-04T10:26:49","date_gmt":"2020-10-04T10:26:49","guid":{"rendered":"https:\/\/salsaccessories.ch\/wordpress\/?post_type=product&#038;p=1400"},"modified":"2020-10-04T10:27:38","modified_gmt":"2020-10-04T10:27:38","slug":"deep-purple-ostrich","status":"publish","type":"product","link":"https:\/\/salsaccessories.ch\/?product=deep-purple-ostrich","title":{"rendered":"Deep purple ostrich"},"content":{"rendered":"<p>Deep purple ostrich. Die InvisiBags der Ostrich Edition von Salsaccessories sind in verschiedenen Farben erh\u00e4ltlich. Jeder InvisiBag fasst m\u00fchelos Kreditkarten, Identit\u00e4tskarten, Geld und Hotel-Schl\u00fcsselkarten. Idealerweise werden nicht mehr als 3-4 Karten in den InvisiBag gepackt, um zu grossen Druck auf den Reissverschluss zu vermeiden.<br \/>\nDie Ostrich Edition ist vom Material her eher dicker, mit einem angenehmen, soften Feeling und den Strauss-\u00e4hnlichen Noppen.<\/p>\n<p>Material: (wo m\u00f6glich recycliertes) PVC, Leder-Look. Der Clip ist aus Metall (Nickelfrei)<\/p>\n<p>Reinigung: Nicht waschen, nur feucht abwischen.<\/p>\n<p>Alle InvisiBags sind Einzelst\u00fccke, handgemacht in der Schweiz. Preis ist 22 CHF (ca. 20 Euro)<\/p>\n","protected":false},"excerpt":{"rendered":"<p>Deep purple ostrich &#8211; unsichtbarer Geldbeutel<\/p>\n<p>Material: (wo m\u00f6glich recycliertes) PVC, Leder-Look. Der Clip ist aus Metall (Nickelfrei)<\/p>\n","protected":false},"featured_media":1367,"template":"","meta":{"om_disable_all_campaigns":false,"_uag_custom_page_level_css":"","_monsterinsights_skip_tracking":false,"_monsterinsights_sitenote_active":false,"_monsterinsights_sitenote_note":"","_monsterinsights_sitenote_category":0,"_uf_show_specific_survey":0,"_uf_disable_surveys":false,"site-sidebar-layout":"default","site-content-layout":"default","ast-site-content-layout":"default","site-content-style":"default","site-sidebar-style":"default","ast-global-header-display":"","ast-banner-title-visibility":"","ast-main-header-display":"","ast-hfb-above-header-display":"","ast-hfb-below-header-display":"","ast-hfb-mobile-header-display":"","site-post-title":"","ast-breadcrumbs-content":"","ast-featured-img":"","footer-sml-layout":"","theme-transparent-header-meta":"default","adv-header-id-meta":"","stick-header-meta":"default","header-above-stick-meta":"","header-main-stick-meta":"","header-below-stick-meta":"","astra-migrate-meta-layouts":"default","ast-page-background-enabled":"default","ast-page-background-meta":{"desktop":{"background-color":"","background-image":"","background-repeat":"repeat","background-position":"center center","background-size":"auto","background-attachment":"scroll","background-type":"","background-media":"","overlay-type":"","overlay-color":"","overlay-opacity":"","overlay-gradient":""},"tablet":{"background-color":"","background-image":"","background-repeat":"repeat","background-position":"center center","background-size":"auto","background-attachment":"scroll","background-type":"","background-media":"","overlay-type":"","overlay-color":"","overlay-opacity":"","overlay-gradient":""},"mobile":{"background-color":"","background-image":"","background-repeat":"repeat","background-position":"center center","background-size":"auto","background-attachment":"scroll","background-type":"","background-media":"","overlay-type":"","overlay-color":"","overlay-opacity":"","overlay-gradient":""}},"ast-content-background-meta":{"desktop":{"background-color":"var(--ast-global-color-5)","background-image":"","background-repeat":"repeat","background-position":"center center","background-size":"auto","background-attachment":"scroll","background-type":"","background-media":"","overlay-type":"","overlay-color":"","overlay-opacity":"","overlay-gradient":""},"tablet":{"background-color":"var(--ast-global-color-5)","background-image":"","background-repeat":"repeat","background-position":"center center","background-size":"auto","background-attachment":"scroll","background-type":"","background-media":"","overlay-type":"","overlay-color":"","overlay-opacity":"","overlay-gradient":""},"mobile":{"background-color":"var(--ast-global-color-5)","background-image":"","background-repeat":"repeat","background-position":"center center","background-size":"auto","background-attachment":"scroll","background-type":"","background-media":"","overlay-type":"","overlay-color":"","overlay-opacity":"","overlay-gradient":""}}},"product_cat":[30],"product_tag":[],"aioseo_notices":[],"yoast_head":"<!-- This site is optimized with the Yoast SEO plugin v21.8.1 - https:\/\/yoast.com\/wordpress\/plugins\/seo\/ -->\n<title>Deep purple ostrich - Salsaccessories<\/title>\n<meta name=\"description\" content=\"Die InvisiBags von Salsaccessories sind in vielen Farben erh\u00e4ltlich. Jeder InvisiBag fasst m\u00fchelos Kreditkarten, Identit\u00e4tskarten, Geld und Hotel-Schl\u00fcsselkarten.\" \/>\n<meta name=\"robots\" content=\"index, follow, max-snippet:-1, max-image-preview:large, max-video-preview:-1\" \/>\n<link rel=\"canonical\" href=\"https:\/\/salsaccessories.ch\/?product=deep-purple-ostrich\" \/>\n<meta property=\"og:locale\" content=\"de_DE\" \/>\n<meta property=\"og:type\" content=\"article\" \/>\n<meta property=\"og:title\" content=\"Deep purple ostrich - Salsaccessories\" \/>\n<meta property=\"og:description\" content=\"Die InvisiBags von Salsaccessories sind in vielen Farben erh\u00e4ltlich. Jeder InvisiBag fasst m\u00fchelos Kreditkarten, Identit\u00e4tskarten, Geld und Hotel-Schl\u00fcsselkarten.\" \/>\n<meta property=\"og:url\" content=\"https:\/\/salsaccessories.ch\/?product=deep-purple-ostrich\" \/>\n<meta property=\"og:site_name\" content=\"Salsaccessories\" \/>\n<meta property=\"article:modified_time\" content=\"2020-10-04T10:27:38+00:00\" \/>\n<meta property=\"og:image\" content=\"https:\/\/salsaccessories.ch\/wp-content\/uploads\/2020\/02\/deep-purple-ostrich-1024x859.png\" \/>\n\t<meta property=\"og:image:width\" content=\"1024\" \/>\n\t<meta property=\"og:image:height\" content=\"859\" \/>\n\t<meta property=\"og:image:type\" content=\"image\/png\" \/>\n<meta name=\"twitter:card\" content=\"summary_large_image\" \/>\n<meta name=\"twitter:label1\" content=\"Gesch\u00e4tzte Lesezeit\" \/>\n\t<meta name=\"twitter:data1\" content=\"1\u00a0Minute\" \/>\n<script type=\"application\/ld+json\" class=\"yoast-schema-graph\">{\"@context\":\"https:\/\/schema.org\",\"@graph\":[{\"@type\":\"WebPage\",\"@id\":\"https:\/\/salsaccessories.ch\/?product=deep-purple-ostrich\",\"url\":\"https:\/\/salsaccessories.ch\/?product=deep-purple-ostrich\",\"name\":\"Deep purple ostrich - Salsaccessories\",\"isPartOf\":{\"@id\":\"https:\/\/salsaccessories.ch\/#website\"},\"datePublished\":\"2020-10-04T10:26:49+00:00\",\"dateModified\":\"2020-10-04T10:27:38+00:00\",\"description\":\"Die InvisiBags von Salsaccessories sind in vielen Farben erh\u00e4ltlich. Jeder InvisiBag fasst m\u00fchelos Kreditkarten, Identit\u00e4tskarten, Geld und Hotel-Schl\u00fcsselkarten.\",\"breadcrumb\":{\"@id\":\"https:\/\/salsaccessories.ch\/?product=deep-purple-ostrich#breadcrumb\"},\"inLanguage\":\"de\",\"potentialAction\":[{\"@type\":\"ReadAction\",\"target\":[\"https:\/\/salsaccessories.ch\/?product=deep-purple-ostrich\"]}]},{\"@type\":\"BreadcrumbList\",\"@id\":\"https:\/\/salsaccessories.ch\/?product=deep-purple-ostrich#breadcrumb\",\"itemListElement\":[{\"@type\":\"ListItem\",\"position\":1,\"name\":\"Home\",\"item\":\"https:\/\/salsaccessories.ch\/\"},{\"@type\":\"ListItem\",\"position\":2,\"name\":\"Store\",\"item\":\"https:\/\/salsaccessories.ch\/?page_id=38\"},{\"@type\":\"ListItem\",\"position\":3,\"name\":\"Deep purple ostrich\"}]},{\"@type\":\"WebSite\",\"@id\":\"https:\/\/salsaccessories.ch\/#website\",\"url\":\"https:\/\/salsaccessories.ch\/\",\"name\":\"Salsaccessories\",\"description\":\"Unsichtbare Clip-Geldbeutel\",\"publisher\":{\"@id\":\"https:\/\/salsaccessories.ch\/#organization\"},\"potentialAction\":[{\"@type\":\"SearchAction\",\"target\":{\"@type\":\"EntryPoint\",\"urlTemplate\":\"https:\/\/salsaccessories.ch\/?s={search_term_string}\"},\"query-input\":\"required name=search_term_string\"}],\"inLanguage\":\"de\"},{\"@type\":\"Organization\",\"@id\":\"https:\/\/salsaccessories.ch\/#organization\",\"name\":\"Salsaccessories\",\"url\":\"https:\/\/salsaccessories.ch\/\",\"logo\":{\"@type\":\"ImageObject\",\"inLanguage\":\"de\",\"@id\":\"https:\/\/salsaccessories.ch\/#\/schema\/logo\/image\/\",\"url\":\"https:\/\/salsaccessories.ch\/wp-content\/uploads\/2020\/10\/cropped-Logo-Salsaccessories-schwarz.png\",\"contentUrl\":\"https:\/\/salsaccessories.ch\/wp-content\/uploads\/2020\/10\/cropped-Logo-Salsaccessories-schwarz.png\",\"width\":1019,\"height\":184,\"caption\":\"Salsaccessories\"},\"image\":{\"@id\":\"https:\/\/salsaccessories.ch\/#\/schema\/logo\/image\/\"}}]}<\/script>\n<!-- \/ Yoast SEO plugin. -->","yoast_head_json":{"title":"Deep purple ostrich - Salsaccessories","description":"Die InvisiBags von Salsaccessories sind in vielen Farben erh\u00e4ltlich. Jeder InvisiBag fasst m\u00fchelos Kreditkarten, Identit\u00e4tskarten, Geld und Hotel-Schl\u00fcsselkarten.","robots":{"index":"index","follow":"follow","max-snippet":"max-snippet:-1","max-image-preview":"max-image-preview:large","max-video-preview":"max-video-preview:-1"},"canonical":"https:\/\/salsaccessories.ch\/?product=deep-purple-ostrich","og_locale":"de_DE","og_type":"article","og_title":"Deep purple ostrich - Salsaccessories","og_description":"Die InvisiBags von Salsaccessories sind in vielen Farben erh\u00e4ltlich. Jeder InvisiBag fasst m\u00fchelos Kreditkarten, Identit\u00e4tskarten, Geld und Hotel-Schl\u00fcsselkarten.","og_url":"https:\/\/salsaccessories.ch\/?product=deep-purple-ostrich","og_site_name":"Salsaccessories","article_modified_time":"2020-10-04T10:27:38+00:00","og_image":[{"width":1024,"height":859,"url":"https:\/\/salsaccessories.ch\/wp-content\/uploads\/2020\/02\/deep-purple-ostrich-1024x859.png","type":"image\/png"}],"twitter_card":"summary_large_image","twitter_misc":{"Gesch\u00e4tzte Lesezeit":"1\u00a0Minute"},"schema":{"@context":"https:\/\/schema.org","@graph":[{"@type":"WebPage","@id":"https:\/\/salsaccessories.ch\/?product=deep-purple-ostrich","url":"https:\/\/salsaccessories.ch\/?product=deep-purple-ostrich","name":"Deep purple ostrich - Salsaccessories","isPartOf":{"@id":"https:\/\/salsaccessories.ch\/#website"},"datePublished":"2020-10-04T10:26:49+00:00","dateModified":"2020-10-04T10:27:38+00:00","description":"Die InvisiBags von Salsaccessories sind in vielen Farben erh\u00e4ltlich. Jeder InvisiBag fasst m\u00fchelos Kreditkarten, Identit\u00e4tskarten, Geld und Hotel-Schl\u00fcsselkarten.","breadcrumb":{"@id":"https:\/\/salsaccessories.ch\/?product=deep-purple-ostrich#breadcrumb"},"inLanguage":"de","potentialAction":[{"@type":"ReadAction","target":["https:\/\/salsaccessories.ch\/?product=deep-purple-ostrich"]}]},{"@type":"BreadcrumbList","@id":"https:\/\/salsaccessories.ch\/?product=deep-purple-ostrich#breadcrumb","itemListElement":[{"@type":"ListItem","position":1,"name":"Home","item":"https:\/\/salsaccessories.ch\/"},{"@type":"ListItem","position":2,"name":"Store","item":"https:\/\/salsaccessories.ch\/?page_id=38"},{"@type":"ListItem","position":3,"name":"Deep purple ostrich"}]},{"@type":"WebSite","@id":"https:\/\/salsaccessories.ch\/#website","url":"https:\/\/salsaccessories.ch\/","name":"Salsaccessories","description":"Unsichtbare Clip-Geldbeutel","publisher":{"@id":"https:\/\/salsaccessories.ch\/#organization"},"potentialAction":[{"@type":"SearchAction","target":{"@type":"EntryPoint","urlTemplate":"https:\/\/salsaccessories.ch\/?s={search_term_string}"},"query-input":"required name=search_term_string"}],"inLanguage":"de"},{"@type":"Organization","@id":"https:\/\/salsaccessories.ch\/#organization","name":"Salsaccessories","url":"https:\/\/salsaccessories.ch\/","logo":{"@type":"ImageObject","inLanguage":"de","@id":"https:\/\/salsaccessories.ch\/#\/schema\/logo\/image\/","url":"https:\/\/salsaccessories.ch\/wp-content\/uploads\/2020\/10\/cropped-Logo-Salsaccessories-schwarz.png","contentUrl":"https:\/\/salsaccessories.ch\/wp-content\/uploads\/2020\/10\/cropped-Logo-Salsaccessories-schwarz.png","width":1019,"height":184,"caption":"Salsaccessories"},"image":{"@id":"https:\/\/salsaccessories.ch\/#\/schema\/logo\/image\/"}}]}},"uagb_featured_image_src":{"full":["https:\/\/salsaccessories.ch\/wp-content\/uploads\/2020\/02\/deep-purple-ostrich.png",2560,2148,false],"thumbnail":["https:\/\/salsaccessories.ch\/wp-content\/uploads\/2020\/02\/deep-purple-ostrich-150x150.png",150,150,true],"medium":["https:\/\/salsaccessories.ch\/wp-content\/uploads\/2020\/02\/deep-purple-ostrich-300x252.png",300,252,true],"medium_large":["https:\/\/salsaccessories.ch\/wp-content\/uploads\/2020\/02\/deep-purple-ostrich-768x644.png",768,644,true],"large":["https:\/\/salsaccessories.ch\/wp-content\/uploads\/2020\/02\/deep-purple-ostrich-1024x859.png",1024,859,true],"1536x1536":["https:\/\/salsaccessories.ch\/wp-content\/uploads\/2020\/02\/deep-purple-ostrich-1536x1289.png",1536,1289,true],"2048x2048":["https:\/\/salsaccessories.ch\/wp-content\/uploads\/2020\/02\/deep-purple-ostrich-2048x1718.png",2048,1718,true],"woocommerce_thumbnail":["https:\/\/salsaccessories.ch\/wp-content\/uploads\/2020\/02\/deep-purple-ostrich-300x300.png",300,300,true],"woocommerce_single":["https:\/\/salsaccessories.ch\/wp-content\/uploads\/2020\/02\/deep-purple-ostrich-600x503.png",600,503,true],"woocommerce_gallery_thumbnail":["https:\/\/salsaccessories.ch\/wp-content\/uploads\/2020\/02\/deep-purple-ostrich-100x100.png",100,100,true]},"uagb_author_info":{"display_name":"admin","author_link":"https:\/\/salsaccessories.ch\/?author=0"},"uagb_comment_info":0,"uagb_excerpt":"Deep purple ostrich - unsichtbarer Geldbeutel Material: (wo m\u00f6glich recycliertes) PVC, Leder-Look. Der Clip ist aus Metall (Nickelfrei)","_links":{"self":[{"href":"https:\/\/salsaccessories.ch\/index.php?rest_route=\/wp\/v2\/product\/1400"}],"collection":[{"href":"https:\/\/salsaccessories.ch\/index.php?rest_route=\/wp\/v2\/product"}],"about":[{"href":"https:\/\/salsaccessories.ch\/index.php?rest_route=\/wp\/v2\/types\/product"}],"wp:featuredmedia":[{"embeddable":true,"href":"https:\/\/salsaccessories.ch\/index.php?rest_route=\/wp\/v2\/media\/1367"}],"wp:attachment":[{"href":"https:\/\/salsaccessories.ch\/index.php?rest_route=%2Fwp%2Fv2%2Fmedia&parent=1400"}],"wp:term":[{"taxonomy":"product_cat","embeddable":true,"href":"https:\/\/salsaccessories.ch\/index.php?rest_route=%2Fwp%2Fv2%2Fproduct_cat&post=1400"},{"taxonomy":"product_tag","embeddable":true,"href":"https:\/\/salsaccessories.ch\/index.php?rest_route=%2Fwp%2Fv2%2Fproduct_tag&post=1400"}],"curies":[{"name":"wp","href":"https:\/\/api.w.org\/{rel}","templated":true}]}}